{"id":57,"date":"2025-12-06T19:27:30","date_gmt":"2025-12-06T19:27:30","guid":{"rendered":"https:\/\/ateliergalerie-philippeparrinello.fr\/?page_id=57"},"modified":"2026-02-21T15:52:01","modified_gmt":"2026-02-21T15:52:01","slug":"renseignements-pratiques","status":"publish","type":"page","link":"https:\/\/ateliergalerie-philippeparrinello.fr\/index.php\/renseignements-pratiques\/","title":{"rendered":"Infos pratiques"},"content":{"rendered":"\n<p><\/p>\n\n\n\n<figure class=\"wp-block-image size-large\"><img loading=\"lazy\" decoding=\"async\" width=\"1024\" height=\"365\" src=\"https:\/\/ateliergalerie-philippeparrinello.fr\/wp-content\/uploads\/2025\/12\/20250826_101024-1024x365.jpg\" alt=\"\" class=\"wp-image-112\" srcset=\"https:\/\/ateliergalerie-philippeparrinello.fr\/wp-content\/uploads\/2025\/12\/20250826_101024-1024x365.jpg 1024w, https:\/\/ateliergalerie-philippeparrinello.fr\/wp-content\/uploads\/2025\/12\/20250826_101024-300x107.jpg 300w, https:\/\/ateliergalerie-philippeparrinello.fr\/wp-content\/uploads\/2025\/12\/20250826_101024-768x274.jpg 768w, https:\/\/ateliergalerie-philippeparrinello.fr\/wp-content\/uploads\/2025\/12\/20250826_101024-1536x548.jpg 1536w, https:\/\/ateliergalerie-philippeparrinello.fr\/wp-content\/uploads\/2025\/12\/20250826_101024-2048x731.jpg 2048w, https:\/\/ateliergalerie-philippeparrinello.fr\/wp-content\/uploads\/2025\/12\/20250826_101024-500x178.jpg 500w\" sizes=\"auto, (max-width: 1024px) 100vw, 1024px\" \/><\/figure>\n\n\n\n<p><strong>L&rsquo;Atelier\/Galerie-Philippe Parrinello<\/strong> est situ\u00e9 au 8 rue du stade (portail vert) \u00e0 Saint-Etienne-du-bois en Vend\u00e9e .<\/p>\n\n\n\n<h6 class=\"wp-block-heading\"><mark style=\"background-color:rgba(0, 0, 0, 0)\" class=\"has-inline-color has-black-color\"><strong>Ouverture <strong>\u00e0 partir du 14 Juillet<\/strong><\/strong> <strong>2026 <\/strong><\/mark><\/h6>\n\n\n\n<p>Visite <mark style=\"background-color:rgba(0, 0, 0, 0)\" class=\"has-inline-color has-black-color\">sur rendez-vous.<\/mark> Nous contacter par mail : <strong><a href=\"mailto:philippeparrinello@gmail.com\" target=\"_blank\" rel=\"noreferrer noopener\">philippeparrinello@gmail.com<\/a><\/strong><\/p>\n\n\n\n<p><\/p>\n\n\n\n<p><\/p>\n","protected":false},"excerpt":{"rendered":"<p>L&rsquo;Atelier\/Galerie-Philippe Parrinello est situ\u00e9 au 8 rue du stade (portail vert) \u00e0 Saint-Etienne-du-bois en Vend\u00e9e . Ouverture \u00e0 partir du 14 Juillet 2026 Visite sur rendez-vous. Nous contacter par mail : philippeparrinello@gmail.com<\/p>\n","protected":false},"author":1,"featured_media":0,"parent":0,"menu_order":0,"comment_status":"closed","ping_status":"closed","template":"","meta":{"footnotes":""},"class_list":["post-57","page","type-page","status-publish","hentry"],"_links":{"self":[{"href":"https:\/\/ateliergalerie-philippeparrinello.fr\/index.php\/wp-json\/wp\/v2\/pages\/57","targetHints":{"allow":["GET"]}}],"collection":[{"href":"https:\/\/ateliergalerie-philippeparrinello.fr\/index.php\/wp-json\/wp\/v2\/pages"}],"about":[{"href":"https:\/\/ateliergalerie-philippeparrinello.fr\/index.php\/wp-json\/wp\/v2\/types\/page"}],"author":[{"embeddable":true,"href":"https:\/\/ateliergalerie-philippeparrinello.fr\/index.php\/wp-json\/wp\/v2\/users\/1"}],"replies":[{"embeddable":true,"href":"https:\/\/ateliergalerie-philippeparrinello.fr\/index.php\/wp-json\/wp\/v2\/comments?post=57"}],"version-history":[{"count":9,"href":"https:\/\/ateliergalerie-philippeparrinello.fr\/index.php\/wp-json\/wp\/v2\/pages\/57\/revisions"}],"predecessor-version":[{"id":160,"href":"https:\/\/ateliergalerie-philippeparrinello.fr\/index.php\/wp-json\/wp\/v2\/pages\/57\/revisions\/160"}],"wp:attachment":[{"href":"https:\/\/ateliergalerie-philippeparrinello.fr\/index.php\/wp-json\/wp\/v2\/media?parent=57"}],"curies":[{"name":"wp","href":"https:\/\/api.w.org\/{rel}","templated":true}]}}