{"id":52,"date":"2025-12-06T19:10:32","date_gmt":"2025-12-06T19:10:32","guid":{"rendered":"https:\/\/ateliergalerie-philippeparrinello.fr\/?page_id=52"},"modified":"2026-02-21T16:19:04","modified_gmt":"2026-02-21T16:19:04","slug":"a-propos-de","status":"publish","type":"page","link":"https:\/\/ateliergalerie-philippeparrinello.fr\/index.php\/a-propos-de\/","title":{"rendered":"A propos"},"content":{"rendered":"\n<p><\/p>\n\n\n\n<figure class=\"wp-block-image size-large is-resized\"><img loading=\"lazy\" decoding=\"async\" width=\"1024\" height=\"478\" src=\"https:\/\/ateliergalerie-philippeparrinello.fr\/wp-content\/uploads\/2025\/12\/1-5-1024x478.jpg\" alt=\"\" class=\"wp-image-106\" style=\"aspect-ratio:1.7486650053399786;width:581px;height:auto\" srcset=\"https:\/\/ateliergalerie-philippeparrinello.fr\/wp-content\/uploads\/2025\/12\/1-5-1024x478.jpg 1024w, https:\/\/ateliergalerie-philippeparrinello.fr\/wp-content\/uploads\/2025\/12\/1-5-300x140.jpg 300w, https:\/\/ateliergalerie-philippeparrinello.fr\/wp-content\/uploads\/2025\/12\/1-5-768x359.jpg 768w, https:\/\/ateliergalerie-philippeparrinello.fr\/wp-content\/uploads\/2025\/12\/1-5-1536x717.jpg 1536w, https:\/\/ateliergalerie-philippeparrinello.fr\/wp-content\/uploads\/2025\/12\/1-5-2048x956.jpg 2048w, https:\/\/ateliergalerie-philippeparrinello.fr\/wp-content\/uploads\/2025\/12\/1-5-500x234.jpg 500w\" sizes=\"auto, (max-width: 1024px) 100vw, 1024px\" \/><\/figure>\n\n\n\n<p><\/p>\n\n\n\n<p class=\"has-text-align-left\">Au sein d\u2019un logis vend\u00e9en du 17\u00e8me si\u00e8cle, l\u2019<strong>Atelier\/Galerie Philippe Parrinello<\/strong>, vous propose de rencontrer l&rsquo;\u0153uvre de cet artiste sculpteur.<\/p>\n\n\n\n<p class=\"has-text-align-left\"><strong>Philippe Parrinello<\/strong> est un artiste singulier.&nbsp;Un cr\u00e9ateur prolixe et obstin\u00e9 qui nous embarque dans son univers archao-baroque.<\/p>\n\n\n\n<p class=\"has-text-align-left\">Tourner autour d\u2019une pi\u00e8ce de <strong>Philippe Parrinello<\/strong>, c\u2019est entrer dans un monde. L\u2019artiste s\u2019appuie sur la rencontre avec le bois pour trouver la veine de ses r\u00e9cits. Si la graine se souvient de l\u2019arbre qu\u2019elle \u00e9tait, ici la sculpture n\u2019oublie pas l\u2019arbre qu\u2019elle a \u00e9t\u00e9. Sculpter, ce n\u2019est pas que porter des coups ou les retenir, le corps \u00e0 corps commence dans le regard. Quelles histoires emprisonn\u00e9es sous l\u2019\u00e9corce va-t-il pouvoir lib\u00e9rer ?<\/p>\n\n\n\n<figure class=\"wp-block-image size-large\"><img loading=\"lazy\" decoding=\"async\" width=\"1024\" height=\"320\" src=\"https:\/\/ateliergalerie-philippeparrinello.fr\/wp-content\/uploads\/2025\/12\/20251206_192702-1024x320.jpg\" alt=\"\" class=\"wp-image-107\" srcset=\"https:\/\/ateliergalerie-philippeparrinello.fr\/wp-content\/uploads\/2025\/12\/20251206_192702-1024x320.jpg 1024w, https:\/\/ateliergalerie-philippeparrinello.fr\/wp-content\/uploads\/2025\/12\/20251206_192702-300x94.jpg 300w, https:\/\/ateliergalerie-philippeparrinello.fr\/wp-content\/uploads\/2025\/12\/20251206_192702-768x240.jpg 768w, https:\/\/ateliergalerie-philippeparrinello.fr\/wp-content\/uploads\/2025\/12\/20251206_192702-1536x481.jpg 1536w, https:\/\/ateliergalerie-philippeparrinello.fr\/wp-content\/uploads\/2025\/12\/20251206_192702-2048x641.jpg 2048w, https:\/\/ateliergalerie-philippeparrinello.fr\/wp-content\/uploads\/2025\/12\/20251206_192702-500x156.jpg 500w\" sizes=\"auto, (max-width: 1024px) 100vw, 1024px\" \/><\/figure>\n\n\n\n<p class=\"has-text-align-left\">En fondant ce lieu autonome et ind\u00e9pendant, <strong>Philippe Parrinello<\/strong> souhaite faire conna\u00eetre son \u0153uvre mais aussi partager son engagement artistique.&nbsp;Il aime l&rsquo;id\u00e9e d&rsquo;un lieu culturel ancr\u00e9 dans un territoire tant esth\u00e9tique que g\u00e9ographique. Pour lui, nous avons besoin du regard des artistes pour cr\u00e9er de nouveaux r\u00e9cits sur ce monde qui vient.<\/p>\n\n\n\n<p><strong>L&rsquo;atelier\/Galerie Philippe Parrinello<\/strong>, c&rsquo;est aussi un lieu o\u00f9 vous pourrez vous initier \u00e0 la sculpture et d\u00e9couvrir d&rsquo;autres artistes \u00e9mergents ou confirm\u00e9s.<\/p>\n\n\n\n<p><strong>St\u00e9phanie Gallet<\/strong> Directrice artistique de l&rsquo;<strong>Atelier\/Galerie Philippe Parrinello<\/strong>&nbsp;<\/p>\n\n\n<div class=\"wp-block-image\">\n<figure class=\"aligncenter size-large is-resized\"><img loading=\"lazy\" decoding=\"async\" width=\"879\" height=\"1024\" src=\"https:\/\/ateliergalerie-philippeparrinello.fr\/wp-content\/uploads\/2025\/12\/DSC_1614-879x1024.jpg\" alt=\"\" class=\"wp-image-144\" style=\"aspect-ratio:0.8610179890006354;width:504px;height:auto\" srcset=\"https:\/\/ateliergalerie-philippeparrinello.fr\/wp-content\/uploads\/2025\/12\/DSC_1614-879x1024.jpg 879w, https:\/\/ateliergalerie-philippeparrinello.fr\/wp-content\/uploads\/2025\/12\/DSC_1614-258x300.jpg 258w, https:\/\/ateliergalerie-philippeparrinello.fr\/wp-content\/uploads\/2025\/12\/DSC_1614-768x894.jpg 768w, https:\/\/ateliergalerie-philippeparrinello.fr\/wp-content\/uploads\/2025\/12\/DSC_1614-1319x1536.jpg 1319w, https:\/\/ateliergalerie-philippeparrinello.fr\/wp-content\/uploads\/2025\/12\/DSC_1614.jpg 1362w\" sizes=\"auto, (max-width: 879px) 100vw, 879px\" \/><\/figure>\n<\/div>\n\n\n<p class=\"has-text-align-left\"><em><strong>\u201c Mes corps de bois peuplent un territoire qui r\u00e9fl\u00e9chit le n\u00f4tre\u2026 Mes sculptures, mes dessins et mes peintures sont mes porte-paroles po\u00e9tiques et symboliques qui entrecroisent de nombreuses traditions artistiques. Pour comprendre mon univers, il faut s&rsquo;y plonger.\u201d<\/strong><\/em>  <\/p>\n\n\n\n<p class=\"has-text-align-left\"><strong>Philippe Parrinello<\/strong><\/p>\n\n\n\n<p class=\"has-text-align-left\">En attendant l\u2019ouverture de la galerie \u00e0 Saint-Etienne-du-bois, d\u00e9couvrez le travail de\u00a0<strong>Philippe Parrinello<\/strong>\u00a0sur\u00a0<a href=\"https:\/\/philippeparrinello.fr\/carnetdebord\/\" target=\"_blank\" rel=\"noreferrer noopener\">son site<\/a>.<\/p>\n","protected":false},"excerpt":{"rendered":"<p>Au sein d\u2019un logis vend\u00e9en du 17\u00e8me si\u00e8cle, l\u2019Atelier\/Galerie Philippe Parrinello, vous propose de rencontrer l&rsquo;\u0153uvre de cet artiste sculpteur. Philippe Parrinello est un artiste singulier.&nbsp;Un cr\u00e9ateur prolixe et obstin\u00e9 qui nous embarque dans son univers archao-baroque. Tourner autour d\u2019une &hellip; <a href=\"https:\/\/ateliergalerie-philippeparrinello.fr\/index.php\/a-propos-de\/\">Continuer la lecture <span class=\"meta-nav\">&rarr;<\/span><\/a><\/p>\n","protected":false},"author":1,"featured_media":0,"parent":0,"menu_order":0,"comment_status":"closed","ping_status":"closed","template":"","meta":{"footnotes":""},"class_list":["post-52","page","type-page","status-publish","hentry"],"_links":{"self":[{"href":"https:\/\/ateliergalerie-philippeparrinello.fr\/index.php\/wp-json\/wp\/v2\/pages\/52","targetHints":{"allow":["GET"]}}],"collection":[{"href":"https:\/\/ateliergalerie-philippeparrinello.fr\/index.php\/wp-json\/wp\/v2\/pages"}],"about":[{"href":"https:\/\/ateliergalerie-philippeparrinello.fr\/index.php\/wp-json\/wp\/v2\/types\/page"}],"author":[{"embeddable":true,"href":"https:\/\/ateliergalerie-philippeparrinello.fr\/index.php\/wp-json\/wp\/v2\/users\/1"}],"replies":[{"embeddable":true,"href":"https:\/\/ateliergalerie-philippeparrinello.fr\/index.php\/wp-json\/wp\/v2\/comments?post=52"}],"version-history":[{"count":18,"href":"https:\/\/ateliergalerie-philippeparrinello.fr\/index.php\/wp-json\/wp\/v2\/pages\/52\/revisions"}],"predecessor-version":[{"id":161,"href":"https:\/\/ateliergalerie-philippeparrinello.fr\/index.php\/wp-json\/wp\/v2\/pages\/52\/revisions\/161"}],"wp:attachment":[{"href":"https:\/\/ateliergalerie-philippeparrinello.fr\/index.php\/wp-json\/wp\/v2\/media?parent=52"}],"curies":[{"name":"wp","href":"https:\/\/api.w.org\/{rel}","templated":true}]}}